{"id":2222,"date":"2024-01-12T03:28:22","date_gmt":"2024-01-12T08:28:22","guid":{"rendered":"https:\/\/citis.ups.edu.ec\/?page_id=2222"},"modified":"2026-03-27T15:54:37","modified_gmt":"2026-03-27T20:54:37","slug":"payment-method","status":"publish","type":"page","link":"https:\/\/citis.ups.edu.ec\/es\/call-for-papers\/payment-method\/","title":{"rendered":"M\u00e9todos de pago"},"content":{"rendered":"<div data-elementor-type=\"wp-page\" data-elementor-id=\"2222\" class=\"elementor elementor-2222\" data-elementor-post-type=\"page\">\n\t\t\t\t<div class=\"elementor-element elementor-element-42dbed33 e-con-full e-flex e-con e-parent\" data-id=\"42dbed33\" data-element_type=\"container\" data-e-type=\"container\">\n\t\t\t\t<div class=\"elementor-element elementor-element-39e42e49 elementor-widget elementor-widget-text-editor\" data-id=\"39e42e49\" data-element_type=\"widget\" data-e-type=\"widget\" data-widget_type=\"text-editor.default\">\n\t\t\t\t<div class=\"elementor-widget-container\">\n\t\t\t\t\t\t\t\t\t<p><strong><span data-preserver-spaces=\"true\">M\u00c9TODOS DE PAGO:<\/span><\/strong><\/p><ul><li><strong><span data-preserver-spaces=\"true\">Tarjeta de cr\u00e9dito.<\/span><\/strong><\/li><li><strong><span data-preserver-spaces=\"true\">Pago en l\u00ednea y\/o en ventanilla del Banco del Pac\u00edfico o Pichincha.<\/span><\/strong><\/li><li><strong><span data-preserver-spaces=\"true\">Dep\u00f3sito directo o transferencia bancaria.<\/span><\/strong><\/li><\/ul><p><span data-preserver-spaces=\"true\">Utilice el siguiente procedimiento para pagar su cuota de inscripci\u00f3n:<\/span><\/p><p><strong><span data-preserver-spaces=\"true\">PASO 1:<\/span><\/strong><span data-preserver-spaces=\"true\"> Llene el formulario de inscripci\u00f3n <a href=\"https:\/\/appwfp.ups.edu.ec\/foc-webins\/index.xhtml?prog=1354\">aqu\u00ed<\/a>. Una vez llenado el formulario, puede pagar a trav\u00e9s de los canales descritos en el paso 2.<\/span><\/p><p><strong><span data-preserver-spaces=\"true\">PASO 2: <\/span><\/strong><span data-preserver-spaces=\"true\">Canales de pago: Realiza el pago por el importe correspondiente:<\/span><\/p><ul><li><span data-preserver-spaces=\"true\">Pague en l\u00ednea con tarjeta de cr\u00e9dito.<\/span><\/li><li><span data-preserver-spaces=\"true\">Pago v\u00eda web y\/o ventanilla del Banco del Pac\u00edfico o Banco Pichincha:<\/span><ul><li><span data-preserver-spaces=\"true\">En la plataforma virtual del Banco del Pac\u00edfico, debe seleccionar CENTROS EDUCATIVOS en Establecimiento UPS GYQ e ingresar su n\u00famero de c\u00e9dula.<\/span><\/li><li><span data-preserver-spaces=\"true\">Plataforma virtual del Banco del Pichincha: Debe seleccionar la opci\u00f3n PAGOS; SERVICIOS-NUEVO PAGO, colocar UNIVERSIDAD POLIT\u00c9CNICA SALESIANA, elegir la opci\u00f3n Universidad Polit\u00e9cnica Salesiana Guayaquil, e incluir su n\u00famero de c\u00e9dula. No olvide agregar la descripci\u00f3n de su pago.<\/span><\/li><li><span data-preserver-spaces=\"true\">Indique Universidad Polit\u00e9cnica Salesiana Guayaquil y su n\u00famero de c\u00e9dula en Banco Pac\u00edfico y Banco Pichincha.<\/span><\/li><\/ul><\/li><li><span data-preserver-spaces=\"true\">Dep\u00f3sito directo o transferencia bancaria:<\/span><ul><li style=\"list-style-type: none\"><ul><li><strong><span data-preserver-spaces=\"true\">Banco:<\/span><\/strong><span data-preserver-spaces=\"true\"> BANCO DEL PAC\u00cdFICO <\/span><\/li><li><strong><span data-preserver-spaces=\"true\">N\u00famero de cuenta corriente:<\/span><\/strong><span data-preserver-spaces=\"true\"> 4928865<\/span><\/li><li><strong><span data-preserver-spaces=\"true\">Titular de la cuenta:<\/span><\/strong><span data-preserver-spaces=\"true\"> Universidad Polit\u00e9cnica Salesiana<\/span><\/li><li><strong><span data-preserver-spaces=\"true\">Currency:<\/span><\/strong><span data-preserver-spaces=\"true\">\u00a0USD<\/span><\/li><li><strong><span data-preserver-spaces=\"true\">RUC de la Universidad Polit\u00e9cnica Salesiana:<\/span><\/strong><span data-preserver-spaces=\"true\"> 0190151530001<\/span><\/li><\/ul><\/li><\/ul><\/li><\/ul><p><span data-preserver-spaces=\"true\">Para realizar transferencias desde el extranjero, necesitar\u00e1 la siguiente informaci\u00f3n:<\/span><\/p><p><strong><span data-preserver-spaces=\"true\">C\u00f3digo SWIFT:<\/span><\/strong><span data-preserver-spaces=\"true\"> PACIECEG<\/span><\/p><p><strong><span data-preserver-spaces=\"true\">Direcci\u00f3n bancaria:<\/span><\/strong><span data-preserver-spaces=\"true\"> Av. Gran Colombia 23-120, Cuenca, Ecuador.<\/span><\/p><p><strong><span data-preserver-spaces=\"true\">Tel\u00e9fono del banco<\/span><\/strong><span data-preserver-spaces=\"true\">: (+593) 43731500<\/span><\/p><p><span data-preserver-spaces=\"true\">El dep\u00f3sito o transferencia deber\u00e1 enviarse a los correos electr\u00f3nicos financierogye@ups.edu.ec y slopezu@ups.edu.ec con el asunto CITIS PAGO_NOMBRE_COMPLETO, y deber\u00e1 anexarse el recibo respectivo. El cuerpo del correo electr\u00f3nico debe incluir lo siguiente:<\/span><\/p><p><strong><span data-preserver-spaces=\"true\">Nombre completo:<\/span><\/strong><\/p><p><strong><span data-preserver-spaces=\"true\">N\u00famero de identificaci\u00f3n: <\/span><\/strong><span data-preserver-spaces=\"true\">(n\u00famero de c\u00e9dula para ecuatorianos y n\u00famero de pasaporte para extranjeros).<\/span><\/p><p><strong><span data-preserver-spaces=\"true\">Direcci\u00f3n de correo electr\u00f3nico:<\/span><\/strong><\/p><p><strong><span data-preserver-spaces=\"true\">Tipo de registro:<\/span><\/strong><span data-preserver-spaces=\"true\"> Ponentes-Profesionales (160 USD), Ponentes-UPS (128 USD), Expositor de p\u00f3ster (96 USD), Expositor de p\u00f3ster UPS (64 USD), y Asistentes a talleres con certificado de asistencia (40 USD).<\/span><\/p><p><!-- \/wp:paragraph --><\/p>\t\t\t\t\t\t\t\t<\/div>\n\t\t\t\t<\/div>\n\t\t\t\t<\/div>\n\t\t<div class=\"elementor-element elementor-element-ffec702 e-flex e-con-boxed e-con e-parent\" data-id=\"ffec702\" data-element_type=\"container\" data-e-type=\"container\">\n\t\t\t\t\t<div class=\"e-con-inner\">\n\t\t<div class=\"elementor-element elementor-element-8a888bb e-flex e-con-boxed elementor-invisible e-con e-child\" data-id=\"8a888bb\" data-element_type=\"container\" data-e-type=\"container\" data-settings=\"{&quot;background_background&quot;:&quot;video&quot;,&quot;background_video_link&quot;:&quot;https:\\\/\\\/www.youtube.com\\\/watch?v=DQKw2RF3UOs&quot;,&quot;animation&quot;:&quot;fadeInUp&quot;}\">\n\t\t\t\t\t<div class=\"e-con-inner\">\n\t\t<div class=\"elementor-background-video-container elementor-hidden-mobile\">\n\t\t\t\t\t\t\t<div class=\"elementor-background-video-embed\" role=\"presentation\"><\/div>\n\t\t\t\t\t\t<\/div>\t\t\t<\/div>\n\t\t\t\t<\/div>\n\t\t\t\t\t<\/div>\n\t\t\t\t<\/div>\n\t\t\t\t<\/div>","protected":false},"excerpt":{"rendered":"<p>METHOD OF PAYMENT: Credit card. Payment online and\/or at Banco del Pac\u00edfico or Pichincha&#8217;s teller window. Direct deposit or bank transfer. Use the following procedure to pay your registration fee: STEP 1: Fill out the registration form here. Once you complete the form, you can pay through the channels described in Step 2. STEP 2:&#8230;<\/p>","protected":false},"author":3,"featured_media":0,"parent":1564,"menu_order":0,"comment_status":"closed","ping_status":"closed","template":"","meta":{"content-type":"","_kadence_starter_templates_imported_post":false,"_kad_post_transparent":"","_kad_post_title":"","_kad_post_layout":"fullwidth","_kad_post_sidebar_id":"","_kad_post_content_style":"","_kad_post_vertical_padding":"","_kad_post_feature":"","_kad_post_feature_position":"","_kad_post_header":false,"_kad_post_footer":false,"_kad_post_classname":"","footnotes":""},"class_list":["post-2222","page","type-page","status-publish","hentry"],"yoast_head":"<!-- This site is optimized with the Yoast SEO plugin v27.1.1 - https:\/\/yoast.com\/product\/yoast-seo-wordpress\/ -->\n<title>Payment methods - International Conference on Science, Technology &amp; Innovation | Guayaquil, Ecuador<\/title>\n<meta name=\"robots\" content=\"index, follow, max-snippet:-1, max-image-preview:large, max-video-preview:-1\" \/>\n<link rel=\"canonical\" href=\"https:\/\/citis.ups.edu.ec\/es\/call-for-papers\/payment-method\/\" \/>\n<meta property=\"og:locale\" content=\"es_ES\" \/>\n<meta property=\"og:type\" content=\"article\" \/>\n<meta property=\"og:title\" content=\"Payment methods - International Conference on Science, Technology &amp; Innovation | Guayaquil, Ecuador\" \/>\n<meta property=\"og:description\" content=\"METHOD OF PAYMENT: Credit card. Payment online and\/or at Banco del Pac\u00edfico or Pichincha&#8217;s teller window. Direct deposit or bank transfer. Use the following procedure to pay your registration fee: STEP 1: Fill out the registration form here. Once you complete the form, you can pay through the channels described in Step 2. STEP 2:...\" \/>\n<meta property=\"og:url\" content=\"https:\/\/citis.ups.edu.ec\/es\/call-for-papers\/payment-method\/\" \/>\n<meta property=\"og:site_name\" content=\"International Conference on Science, Technology &amp; Innovation | Guayaquil, Ecuador\" \/>\n<meta property=\"article:modified_time\" content=\"2026-03-27T20:54:37+00:00\" \/>\n<meta name=\"twitter:card\" content=\"summary_large_image\" \/>\n<meta name=\"twitter:label1\" content=\"Tiempo de lectura\" \/>\n\t<meta name=\"twitter:data1\" content=\"2 minutos\" \/>\n<script type=\"application\/ld+json\" class=\"yoast-schema-graph\">{\"@context\":\"https:\/\/schema.org\",\"@graph\":[{\"@type\":\"WebPage\",\"@id\":\"https:\/\/citis.ups.edu.ec\/call-for-papers\/payment-method\/\",\"url\":\"https:\/\/citis.ups.edu.ec\/call-for-papers\/payment-method\/\",\"name\":\"Payment methods - International Conference on Science, Technology &amp; Innovation | Guayaquil, Ecuador\",\"isPartOf\":{\"@id\":\"https:\/\/citis.ups.edu.ec\/#website\"},\"datePublished\":\"2024-01-12T08:28:22+00:00\",\"dateModified\":\"2026-03-27T20:54:37+00:00\",\"breadcrumb\":{\"@id\":\"https:\/\/citis.ups.edu.ec\/call-for-papers\/payment-method\/#breadcrumb\"},\"inLanguage\":\"es\",\"potentialAction\":[{\"@type\":\"ReadAction\",\"target\":[\"https:\/\/citis.ups.edu.ec\/call-for-papers\/payment-method\/\"]}]},{\"@type\":\"BreadcrumbList\",\"@id\":\"https:\/\/citis.ups.edu.ec\/call-for-papers\/payment-method\/#breadcrumb\",\"itemListElement\":[{\"@type\":\"ListItem\",\"position\":1,\"name\":\"Portada\",\"item\":\"https:\/\/citis.ups.edu.ec\/\"},{\"@type\":\"ListItem\",\"position\":2,\"name\":\"Call for papers\",\"item\":\"https:\/\/citis.ups.edu.ec\/call-for-papers\/\"},{\"@type\":\"ListItem\",\"position\":3,\"name\":\"Payment methods\"}]},{\"@type\":\"WebSite\",\"@id\":\"https:\/\/citis.ups.edu.ec\/#website\",\"url\":\"https:\/\/citis.ups.edu.ec\/\",\"name\":\"International Conference on Science, Technology &amp; Innovation | Guayaquil, Ecuador\",\"description\":\"International conference focused on the application of science, technological development, and innovation for society through engineering.\",\"publisher\":{\"@id\":\"https:\/\/citis.ups.edu.ec\/#organization\"},\"potentialAction\":[{\"@type\":\"SearchAction\",\"target\":{\"@type\":\"EntryPoint\",\"urlTemplate\":\"https:\/\/citis.ups.edu.ec\/?s={search_term_string}\"},\"query-input\":{\"@type\":\"PropertyValueSpecification\",\"valueRequired\":true,\"valueName\":\"search_term_string\"}}],\"inLanguage\":\"es\"},{\"@type\":\"Organization\",\"@id\":\"https:\/\/citis.ups.edu.ec\/#organization\",\"name\":\"International Conference on Science, Technology &amp; Innovation | Guayaquil, Ecuador\",\"url\":\"https:\/\/citis.ups.edu.ec\/\",\"logo\":{\"@type\":\"ImageObject\",\"inLanguage\":\"es\",\"@id\":\"https:\/\/citis.ups.edu.ec\/#\/schema\/logo\/image\/\",\"url\":\"https:\/\/citis.ups.edu.ec\/wp-content\/uploads\/sites\/5\/2025\/11\/cropped-Logo-CITIS-2026-Ingles-Horizontal-Dorado.png\",\"contentUrl\":\"https:\/\/citis.ups.edu.ec\/wp-content\/uploads\/sites\/5\/2025\/11\/cropped-Logo-CITIS-2026-Ingles-Horizontal-Dorado.png\",\"width\":1372,\"height\":465,\"caption\":\"International Conference on Science, Technology &amp; Innovation | Guayaquil, Ecuador\"},\"image\":{\"@id\":\"https:\/\/citis.ups.edu.ec\/#\/schema\/logo\/image\/\"}}]}<\/script>\n<!-- \/ Yoast SEO plugin. -->","yoast_head_json":{"title":"Payment methods - International Conference on Science, Technology &amp; Innovation | Guayaquil, Ecuador","robots":{"index":"index","follow":"follow","max-snippet":"max-snippet:-1","max-image-preview":"max-image-preview:large","max-video-preview":"max-video-preview:-1"},"canonical":"https:\/\/citis.ups.edu.ec\/es\/call-for-papers\/payment-method\/","og_locale":"es_ES","og_type":"article","og_title":"Payment methods - International Conference on Science, Technology &amp; Innovation | Guayaquil, Ecuador","og_description":"METHOD OF PAYMENT: Credit card. Payment online and\/or at Banco del Pac\u00edfico or Pichincha&#8217;s teller window. Direct deposit or bank transfer. Use the following procedure to pay your registration fee: STEP 1: Fill out the registration form here. Once you complete the form, you can pay through the channels described in Step 2. STEP 2:...","og_url":"https:\/\/citis.ups.edu.ec\/es\/call-for-papers\/payment-method\/","og_site_name":"International Conference on Science, Technology &amp; Innovation | Guayaquil, Ecuador","article_modified_time":"2026-03-27T20:54:37+00:00","twitter_card":"summary_large_image","twitter_misc":{"Tiempo de lectura":"2 minutos"},"schema":{"@context":"https:\/\/schema.org","@graph":[{"@type":"WebPage","@id":"https:\/\/citis.ups.edu.ec\/call-for-papers\/payment-method\/","url":"https:\/\/citis.ups.edu.ec\/call-for-papers\/payment-method\/","name":"Payment methods - International Conference on Science, Technology &amp; Innovation | Guayaquil, Ecuador","isPartOf":{"@id":"https:\/\/citis.ups.edu.ec\/#website"},"datePublished":"2024-01-12T08:28:22+00:00","dateModified":"2026-03-27T20:54:37+00:00","breadcrumb":{"@id":"https:\/\/citis.ups.edu.ec\/call-for-papers\/payment-method\/#breadcrumb"},"inLanguage":"es","potentialAction":[{"@type":"ReadAction","target":["https:\/\/citis.ups.edu.ec\/call-for-papers\/payment-method\/"]}]},{"@type":"BreadcrumbList","@id":"https:\/\/citis.ups.edu.ec\/call-for-papers\/payment-method\/#breadcrumb","itemListElement":[{"@type":"ListItem","position":1,"name":"Portada","item":"https:\/\/citis.ups.edu.ec\/"},{"@type":"ListItem","position":2,"name":"Call for papers","item":"https:\/\/citis.ups.edu.ec\/call-for-papers\/"},{"@type":"ListItem","position":3,"name":"Payment methods"}]},{"@type":"WebSite","@id":"https:\/\/citis.ups.edu.ec\/#website","url":"https:\/\/citis.ups.edu.ec\/","name":"International Conference on Science, Technology &amp; Innovation | Guayaquil, Ecuador","description":"International conference focused on the application of science, technological development, and innovation for society through engineering.","publisher":{"@id":"https:\/\/citis.ups.edu.ec\/#organization"},"potentialAction":[{"@type":"SearchAction","target":{"@type":"EntryPoint","urlTemplate":"https:\/\/citis.ups.edu.ec\/?s={search_term_string}"},"query-input":{"@type":"PropertyValueSpecification","valueRequired":true,"valueName":"search_term_string"}}],"inLanguage":"es"},{"@type":"Organization","@id":"https:\/\/citis.ups.edu.ec\/#organization","name":"International Conference on Science, Technology &amp; Innovation | Guayaquil, Ecuador","url":"https:\/\/citis.ups.edu.ec\/","logo":{"@type":"ImageObject","inLanguage":"es","@id":"https:\/\/citis.ups.edu.ec\/#\/schema\/logo\/image\/","url":"https:\/\/citis.ups.edu.ec\/wp-content\/uploads\/sites\/5\/2025\/11\/cropped-Logo-CITIS-2026-Ingles-Horizontal-Dorado.png","contentUrl":"https:\/\/citis.ups.edu.ec\/wp-content\/uploads\/sites\/5\/2025\/11\/cropped-Logo-CITIS-2026-Ingles-Horizontal-Dorado.png","width":1372,"height":465,"caption":"International Conference on Science, Technology &amp; Innovation | Guayaquil, Ecuador"},"image":{"@id":"https:\/\/citis.ups.edu.ec\/#\/schema\/logo\/image\/"}}]}},"_links":{"self":[{"href":"https:\/\/citis.ups.edu.ec\/es\/wp-json\/wp\/v2\/pages\/2222","targetHints":{"allow":["GET"]}}],"collection":[{"href":"https:\/\/citis.ups.edu.ec\/es\/wp-json\/wp\/v2\/pages"}],"about":[{"href":"https:\/\/citis.ups.edu.ec\/es\/wp-json\/wp\/v2\/types\/page"}],"author":[{"embeddable":true,"href":"https:\/\/citis.ups.edu.ec\/es\/wp-json\/wp\/v2\/users\/3"}],"replies":[{"embeddable":true,"href":"https:\/\/citis.ups.edu.ec\/es\/wp-json\/wp\/v2\/comments?post=2222"}],"version-history":[{"count":32,"href":"https:\/\/citis.ups.edu.ec\/es\/wp-json\/wp\/v2\/pages\/2222\/revisions"}],"predecessor-version":[{"id":10802,"href":"https:\/\/citis.ups.edu.ec\/es\/wp-json\/wp\/v2\/pages\/2222\/revisions\/10802"}],"up":[{"embeddable":true,"href":"https:\/\/citis.ups.edu.ec\/es\/wp-json\/wp\/v2\/pages\/1564"}],"wp:attachment":[{"href":"https:\/\/citis.ups.edu.ec\/es\/wp-json\/wp\/v2\/media?parent=2222"}],"curies":[{"name":"wp","href":"https:\/\/api.w.org\/{rel}","templated":true}]}}