{"id":2207,"date":"2024-01-12T03:21:56","date_gmt":"2024-01-12T08:21:56","guid":{"rendered":"https:\/\/citis.ups.edu.ec\/?page_id=2207"},"modified":"2026-04-27T14:58:40","modified_gmt":"2026-04-27T19:58:40","slug":"relevant-dates","status":"publish","type":"page","link":"https:\/\/citis.ups.edu.ec\/es\/call-for-papers\/relevant-dates\/","title":{"rendered":"Fechas importantes"},"content":{"rendered":"<div data-elementor-type=\"wp-page\" data-elementor-id=\"2207\" class=\"elementor elementor-2207\" data-elementor-post-type=\"page\">\n\t\t\t\t<div class=\"elementor-element elementor-element-eeda88b e-grid e-con-boxed e-con e-parent\" data-id=\"eeda88b\" data-element_type=\"container\" data-e-type=\"container\">\n\t\t\t\t\t<div class=\"e-con-inner\">\n\t\t\t\t<div class=\"elementor-element elementor-element-a84462a elementor-headline--style-highlight elementor-widget elementor-widget-animated-headline\" data-id=\"a84462a\" data-element_type=\"widget\" data-e-type=\"widget\" data-settings=\"{&quot;marker&quot;:&quot;underline_zigzag&quot;,&quot;highlighted_text&quot;:&quot;Attention&quot;,&quot;headline_style&quot;:&quot;highlight&quot;,&quot;loop&quot;:&quot;yes&quot;,&quot;highlight_animation_duration&quot;:1200,&quot;highlight_iteration_delay&quot;:8000}\" data-widget_type=\"animated-headline.default\">\n\t\t\t\t<div class=\"elementor-widget-container\">\n\t\t\t\t\t\t\t<h3 class=\"elementor-headline\">\n\t\t\t\t<span class=\"elementor-headline-dynamic-wrapper elementor-headline-text-wrapper\">\n\t\t\t\t\t<span class=\"elementor-headline-dynamic-text elementor-headline-text-active\">Attention<\/span>\n\t\t\t\t<\/span>\n\t\t\t\t<\/h3>\n\t\t\t\t\t\t<\/div>\n\t\t\t\t<\/div>\n\t\t\t\t\t<\/div>\n\t\t\t\t<\/div>\n\t\t<div class=\"elementor-element elementor-element-6ffbff2 e-con-full e-flex e-con e-parent\" data-id=\"6ffbff2\" data-element_type=\"container\" data-e-type=\"container\">\n\t\t\t\t<div class=\"elementor-element elementor-element-736457f elementor-widget elementor-widget-text-editor\" data-id=\"736457f\" data-element_type=\"widget\" data-e-type=\"widget\" data-widget_type=\"text-editor.default\">\n\t\t\t\t<div class=\"elementor-widget-container\">\n\t\t\t\t\t\t\t\t\t<figure><table><tbody><tr><td><strong><em>Convocatoria de art\u00edculos:<\/em><\/strong><\/td><td>\u00a0<\/td><\/tr><tr><td style=\"text-align: left;padding-left: 40px\">April 01, 2026<\/td><td>\u00a0<\/td><\/tr><tr><td><strong><em>Fecha l\u00edmite para el env\u00edo de art\u00edculos:<\/em><\/strong><\/td><td>\u00a0<\/td><\/tr><tr><td style=\"text-align: left;padding-left: 40px\">July 25, 2026<\/td><td>\u00a0<\/td><\/tr><tr><td><strong><em>Notification of acceptance \/ review:<\/em><\/strong><\/td><td>\u00a0<\/td><\/tr><tr><td style=\"text-align: left;padding-left: 40px\">August 05, 2026<\/td><td>\u00a0<\/td><\/tr><tr><td><strong><em>Submission of final (camera-ready) version<br \/>(Accepted papers registration fee payment, deadline):\u00a0<\/em><\/strong><\/td><td>\u00a0<\/td><\/tr><tr><td style=\"text-align: left;padding-left: 40px\">Until August 15, 2026<\/td><td>\u00a0<\/td><\/tr><tr><td><strong><em>Registration for presenting authors:<\/em><\/strong><\/td><td>\u00a0<\/td><\/tr><tr><td style=\"text-align: left;padding-left: 40px\">Until August 31, 2026<\/td><td>\u00a0<\/td><\/tr><tr><td><strong><em>Registration for attendees (non-presenters):<\/em><\/strong><\/td><td>\u00a0<\/td><\/tr><tr><td style=\"text-align: left;padding-left: 40px\">Until September 30, 2026<\/td><td>\u00a0<\/td><\/tr><tr><td><strong><em>Submission of the presentation for the final program:<\/em><\/strong><\/td><td>\u00a0<\/td><\/tr><tr><td style=\"text-align: left;padding-left: 40px\">Until September 25, 2026<\/td><td>\u00a0<\/td><\/tr><tr><td><strong><em>Talleres pre-congreso:<\/em><\/strong><\/td><td>\u00a0<\/td><\/tr><tr><td style=\"text-align: left;padding-left: 40px\">October 27, 2026<\/td><td>\u00a0<\/td><\/tr><tr><td><strong><em>Fechas del congreso:<\/em><\/strong><\/td><td>\u00a0<\/td><\/tr><tr><td style=\"text-align: left;padding-left: 40px\">October 28, 29, and 30, 2026<\/td><td>\u00a0<\/td><\/tr><\/tbody><\/table><\/figure><p><!-- \/wp:table --><\/p>\t\t\t\t\t\t\t\t<\/div>\n\t\t\t\t<\/div>\n\t\t\t\t<\/div>\n\t\t<div class=\"elementor-element elementor-element-ffcc6b3 e-flex e-con-boxed e-con e-parent\" data-id=\"ffcc6b3\" data-element_type=\"container\" data-e-type=\"container\">\n\t\t\t\t\t<div class=\"e-con-inner\">\n\t\t\t\t<div class=\"elementor-element elementor-element-0cc77d9 elementor-hidden-desktop elementor-hidden-tablet elementor-hidden-mobile elementor-widget elementor-widget-image\" data-id=\"0cc77d9\" data-element_type=\"widget\" data-e-type=\"widget\" data-widget_type=\"image.default\">\n\t\t\t\t<div class=\"elementor-widget-container\">\n\t\t\t\t\t\t\t\t\t\t\t\t\t\t\t\t<a href=\"https:\/\/link.springer.com\/series\/7899\" target=\"_blank\">\n\t\t\t\t\t\t\t<img decoding=\"async\" width=\"300\" height=\"85\" src=\"https:\/\/citis.ups.edu.ec\/wp-content\/uploads\/sites\/5\/2024\/05\/Springer_Q3-300x85.jpg\" class=\"attachment-medium size-medium wp-image-3599\" alt=\"\" srcset=\"https:\/\/citis.ups.edu.ec\/wp-content\/uploads\/sites\/5\/2024\/05\/Springer_Q3-300x85.jpg 300w, https:\/\/citis.ups.edu.ec\/wp-content\/uploads\/sites\/5\/2024\/05\/Springer_Q3-768x218.jpg 768w, https:\/\/citis.ups.edu.ec\/wp-content\/uploads\/sites\/5\/2024\/05\/Springer_Q3-18x5.jpg 18w, https:\/\/citis.ups.edu.ec\/wp-content\/uploads\/sites\/5\/2024\/05\/Springer_Q3.jpg 778w\" sizes=\"(max-width: 300px) 100vw, 300px\" \/>\t\t\t\t\t\t\t\t<\/a>\n\t\t\t\t\t\t\t\t\t\t\t\t\t\t\t<\/div>\n\t\t\t\t<\/div>\n\t\t\t\t\t<\/div>\n\t\t\t\t<\/div>\n\t\t\t\t<\/div>","protected":false},"excerpt":{"rendered":"<p>Attention Call for papers: \u00a0 April 01, 2026 \u00a0 Full paper submission deadline: \u00a0 July 25, 2026 \u00a0 Notification of acceptance \/ review: \u00a0 August 05, 2026 \u00a0 Submission of final (camera-ready) version(Accepted papers registration fee payment, deadline):\u00a0 \u00a0 Until August 15, 2026 \u00a0 Registration for presenting authors: \u00a0 Until August 31, 2026 \u00a0 Registration&#8230;<\/p>","protected":false},"author":3,"featured_media":0,"parent":1564,"menu_order":0,"comment_status":"closed","ping_status":"closed","template":"","meta":{"content-type":"","_kadence_starter_templates_imported_post":false,"_kad_post_transparent":"","_kad_post_title":"","_kad_post_layout":"","_kad_post_sidebar_id":"","_kad_post_content_style":"","_kad_post_vertical_padding":"","_kad_post_feature":"","_kad_post_feature_position":"","_kad_post_header":false,"_kad_post_footer":false,"_kad_post_classname":"","footnotes":""},"class_list":["post-2207","page","type-page","status-publish","hentry"],"yoast_head":"<!-- This site is optimized with the Yoast SEO plugin v27.1.1 - https:\/\/yoast.com\/product\/yoast-seo-wordpress\/ -->\n<title>Important dates - International Conference on Science, Technology &amp; Innovation | Guayaquil, Ecuador<\/title>\n<meta name=\"robots\" content=\"index, follow, max-snippet:-1, max-image-preview:large, max-video-preview:-1\" \/>\n<link rel=\"canonical\" href=\"https:\/\/citis.ups.edu.ec\/es\/call-for-papers\/relevant-dates\/\" \/>\n<meta property=\"og:locale\" content=\"es_ES\" \/>\n<meta property=\"og:type\" content=\"article\" \/>\n<meta property=\"og:title\" content=\"Important dates - International Conference on Science, Technology &amp; Innovation | Guayaquil, Ecuador\" \/>\n<meta property=\"og:description\" content=\"Attention Call for papers: \u00a0 April 01, 2026 \u00a0 Full paper submission deadline: \u00a0 July 25, 2026 \u00a0 Notification of acceptance \/ review: \u00a0 August 05, 2026 \u00a0 Submission of final (camera-ready) version(Accepted papers registration fee payment, deadline):\u00a0 \u00a0 Until August 15, 2026 \u00a0 Registration for presenting authors: \u00a0 Until August 31, 2026 \u00a0 Registration...\" \/>\n<meta property=\"og:url\" content=\"https:\/\/citis.ups.edu.ec\/es\/call-for-papers\/relevant-dates\/\" \/>\n<meta property=\"og:site_name\" content=\"International Conference on Science, Technology &amp; Innovation | Guayaquil, Ecuador\" \/>\n<meta property=\"article:modified_time\" content=\"2026-04-27T19:58:40+00:00\" \/>\n<meta property=\"og:image\" content=\"https:\/\/citis.ups.edu.ec\/wp-content\/uploads\/sites\/5\/2024\/05\/Springer_Q3.jpg\" \/>\n\t<meta property=\"og:image:width\" content=\"778\" \/>\n\t<meta property=\"og:image:height\" content=\"221\" \/>\n\t<meta property=\"og:image:type\" content=\"image\/jpeg\" \/>\n<meta name=\"twitter:card\" content=\"summary_large_image\" \/>\n<meta name=\"twitter:label1\" content=\"Tiempo de lectura\" \/>\n\t<meta name=\"twitter:data1\" content=\"1 minuto\" \/>\n<script type=\"application\/ld+json\" class=\"yoast-schema-graph\">{\"@context\":\"https:\/\/schema.org\",\"@graph\":[{\"@type\":\"WebPage\",\"@id\":\"https:\/\/citis.ups.edu.ec\/call-for-papers\/relevant-dates\/\",\"url\":\"https:\/\/citis.ups.edu.ec\/call-for-papers\/relevant-dates\/\",\"name\":\"Important dates - International Conference on Science, Technology &amp; Innovation | Guayaquil, Ecuador\",\"isPartOf\":{\"@id\":\"https:\/\/citis.ups.edu.ec\/#website\"},\"primaryImageOfPage\":{\"@id\":\"https:\/\/citis.ups.edu.ec\/call-for-papers\/relevant-dates\/#primaryimage\"},\"image\":{\"@id\":\"https:\/\/citis.ups.edu.ec\/call-for-papers\/relevant-dates\/#primaryimage\"},\"thumbnailUrl\":\"https:\/\/citis.ups.edu.ec\/wp-content\/uploads\/sites\/5\/2024\/05\/Springer_Q3-300x85.jpg\",\"datePublished\":\"2024-01-12T08:21:56+00:00\",\"dateModified\":\"2026-04-27T19:58:40+00:00\",\"breadcrumb\":{\"@id\":\"https:\/\/citis.ups.edu.ec\/call-for-papers\/relevant-dates\/#breadcrumb\"},\"inLanguage\":\"es\",\"potentialAction\":[{\"@type\":\"ReadAction\",\"target\":[\"https:\/\/citis.ups.edu.ec\/call-for-papers\/relevant-dates\/\"]}]},{\"@type\":\"ImageObject\",\"inLanguage\":\"es\",\"@id\":\"https:\/\/citis.ups.edu.ec\/call-for-papers\/relevant-dates\/#primaryimage\",\"url\":\"https:\/\/citis.ups.edu.ec\/wp-content\/uploads\/sites\/5\/2024\/05\/Springer_Q3-300x85.jpg\",\"contentUrl\":\"https:\/\/citis.ups.edu.ec\/wp-content\/uploads\/sites\/5\/2024\/05\/Springer_Q3-300x85.jpg\"},{\"@type\":\"BreadcrumbList\",\"@id\":\"https:\/\/citis.ups.edu.ec\/call-for-papers\/relevant-dates\/#breadcrumb\",\"itemListElement\":[{\"@type\":\"ListItem\",\"position\":1,\"name\":\"Portada\",\"item\":\"https:\/\/citis.ups.edu.ec\/\"},{\"@type\":\"ListItem\",\"position\":2,\"name\":\"Call for papers\",\"item\":\"https:\/\/citis.ups.edu.ec\/call-for-papers\/\"},{\"@type\":\"ListItem\",\"position\":3,\"name\":\"Important dates\"}]},{\"@type\":\"WebSite\",\"@id\":\"https:\/\/citis.ups.edu.ec\/#website\",\"url\":\"https:\/\/citis.ups.edu.ec\/\",\"name\":\"International Conference on Science, Technology &amp; Innovation | Guayaquil, Ecuador\",\"description\":\"International conference focused on the application of science, technological development, and innovation for society through engineering.\",\"publisher\":{\"@id\":\"https:\/\/citis.ups.edu.ec\/#organization\"},\"potentialAction\":[{\"@type\":\"SearchAction\",\"target\":{\"@type\":\"EntryPoint\",\"urlTemplate\":\"https:\/\/citis.ups.edu.ec\/?s={search_term_string}\"},\"query-input\":{\"@type\":\"PropertyValueSpecification\",\"valueRequired\":true,\"valueName\":\"search_term_string\"}}],\"inLanguage\":\"es\"},{\"@type\":\"Organization\",\"@id\":\"https:\/\/citis.ups.edu.ec\/#organization\",\"name\":\"International Conference on Science, Technology &amp; Innovation | Guayaquil, Ecuador\",\"url\":\"https:\/\/citis.ups.edu.ec\/\",\"logo\":{\"@type\":\"ImageObject\",\"inLanguage\":\"es\",\"@id\":\"https:\/\/citis.ups.edu.ec\/#\/schema\/logo\/image\/\",\"url\":\"https:\/\/citis.ups.edu.ec\/wp-content\/uploads\/sites\/5\/2025\/11\/cropped-Logo-CITIS-2026-Ingles-Horizontal-Dorado.png\",\"contentUrl\":\"https:\/\/citis.ups.edu.ec\/wp-content\/uploads\/sites\/5\/2025\/11\/cropped-Logo-CITIS-2026-Ingles-Horizontal-Dorado.png\",\"width\":1372,\"height\":465,\"caption\":\"International Conference on Science, Technology &amp; Innovation | Guayaquil, Ecuador\"},\"image\":{\"@id\":\"https:\/\/citis.ups.edu.ec\/#\/schema\/logo\/image\/\"}}]}<\/script>\n<!-- \/ Yoast SEO plugin. -->","yoast_head_json":{"title":"Important dates - International Conference on Science, Technology &amp; Innovation | Guayaquil, Ecuador","robots":{"index":"index","follow":"follow","max-snippet":"max-snippet:-1","max-image-preview":"max-image-preview:large","max-video-preview":"max-video-preview:-1"},"canonical":"https:\/\/citis.ups.edu.ec\/es\/call-for-papers\/relevant-dates\/","og_locale":"es_ES","og_type":"article","og_title":"Important dates - International Conference on Science, Technology &amp; Innovation | Guayaquil, Ecuador","og_description":"Attention Call for papers: \u00a0 April 01, 2026 \u00a0 Full paper submission deadline: \u00a0 July 25, 2026 \u00a0 Notification of acceptance \/ review: \u00a0 August 05, 2026 \u00a0 Submission of final (camera-ready) version(Accepted papers registration fee payment, deadline):\u00a0 \u00a0 Until August 15, 2026 \u00a0 Registration for presenting authors: \u00a0 Until August 31, 2026 \u00a0 Registration...","og_url":"https:\/\/citis.ups.edu.ec\/es\/call-for-papers\/relevant-dates\/","og_site_name":"International Conference on Science, Technology &amp; Innovation | Guayaquil, Ecuador","article_modified_time":"2026-04-27T19:58:40+00:00","og_image":[{"width":778,"height":221,"url":"https:\/\/citis.ups.edu.ec\/wp-content\/uploads\/sites\/5\/2024\/05\/Springer_Q3.jpg","type":"image\/jpeg"}],"twitter_card":"summary_large_image","twitter_misc":{"Tiempo de lectura":"1 minuto"},"schema":{"@context":"https:\/\/schema.org","@graph":[{"@type":"WebPage","@id":"https:\/\/citis.ups.edu.ec\/call-for-papers\/relevant-dates\/","url":"https:\/\/citis.ups.edu.ec\/call-for-papers\/relevant-dates\/","name":"Important dates - International Conference on Science, Technology &amp; Innovation | Guayaquil, Ecuador","isPartOf":{"@id":"https:\/\/citis.ups.edu.ec\/#website"},"primaryImageOfPage":{"@id":"https:\/\/citis.ups.edu.ec\/call-for-papers\/relevant-dates\/#primaryimage"},"image":{"@id":"https:\/\/citis.ups.edu.ec\/call-for-papers\/relevant-dates\/#primaryimage"},"thumbnailUrl":"https:\/\/citis.ups.edu.ec\/wp-content\/uploads\/sites\/5\/2024\/05\/Springer_Q3-300x85.jpg","datePublished":"2024-01-12T08:21:56+00:00","dateModified":"2026-04-27T19:58:40+00:00","breadcrumb":{"@id":"https:\/\/citis.ups.edu.ec\/call-for-papers\/relevant-dates\/#breadcrumb"},"inLanguage":"es","potentialAction":[{"@type":"ReadAction","target":["https:\/\/citis.ups.edu.ec\/call-for-papers\/relevant-dates\/"]}]},{"@type":"ImageObject","inLanguage":"es","@id":"https:\/\/citis.ups.edu.ec\/call-for-papers\/relevant-dates\/#primaryimage","url":"https:\/\/citis.ups.edu.ec\/wp-content\/uploads\/sites\/5\/2024\/05\/Springer_Q3-300x85.jpg","contentUrl":"https:\/\/citis.ups.edu.ec\/wp-content\/uploads\/sites\/5\/2024\/05\/Springer_Q3-300x85.jpg"},{"@type":"BreadcrumbList","@id":"https:\/\/citis.ups.edu.ec\/call-for-papers\/relevant-dates\/#breadcrumb","itemListElement":[{"@type":"ListItem","position":1,"name":"Portada","item":"https:\/\/citis.ups.edu.ec\/"},{"@type":"ListItem","position":2,"name":"Call for papers","item":"https:\/\/citis.ups.edu.ec\/call-for-papers\/"},{"@type":"ListItem","position":3,"name":"Important dates"}]},{"@type":"WebSite","@id":"https:\/\/citis.ups.edu.ec\/#website","url":"https:\/\/citis.ups.edu.ec\/","name":"International Conference on Science, Technology &amp; Innovation | Guayaquil, Ecuador","description":"International conference focused on the application of science, technological development, and innovation for society through engineering.","publisher":{"@id":"https:\/\/citis.ups.edu.ec\/#organization"},"potentialAction":[{"@type":"SearchAction","target":{"@type":"EntryPoint","urlTemplate":"https:\/\/citis.ups.edu.ec\/?s={search_term_string}"},"query-input":{"@type":"PropertyValueSpecification","valueRequired":true,"valueName":"search_term_string"}}],"inLanguage":"es"},{"@type":"Organization","@id":"https:\/\/citis.ups.edu.ec\/#organization","name":"International Conference on Science, Technology &amp; Innovation | Guayaquil, Ecuador","url":"https:\/\/citis.ups.edu.ec\/","logo":{"@type":"ImageObject","inLanguage":"es","@id":"https:\/\/citis.ups.edu.ec\/#\/schema\/logo\/image\/","url":"https:\/\/citis.ups.edu.ec\/wp-content\/uploads\/sites\/5\/2025\/11\/cropped-Logo-CITIS-2026-Ingles-Horizontal-Dorado.png","contentUrl":"https:\/\/citis.ups.edu.ec\/wp-content\/uploads\/sites\/5\/2025\/11\/cropped-Logo-CITIS-2026-Ingles-Horizontal-Dorado.png","width":1372,"height":465,"caption":"International Conference on Science, Technology &amp; Innovation | Guayaquil, Ecuador"},"image":{"@id":"https:\/\/citis.ups.edu.ec\/#\/schema\/logo\/image\/"}}]}},"_links":{"self":[{"href":"https:\/\/citis.ups.edu.ec\/es\/wp-json\/wp\/v2\/pages\/2207","targetHints":{"allow":["GET"]}}],"collection":[{"href":"https:\/\/citis.ups.edu.ec\/es\/wp-json\/wp\/v2\/pages"}],"about":[{"href":"https:\/\/citis.ups.edu.ec\/es\/wp-json\/wp\/v2\/types\/page"}],"author":[{"embeddable":true,"href":"https:\/\/citis.ups.edu.ec\/es\/wp-json\/wp\/v2\/users\/3"}],"replies":[{"embeddable":true,"href":"https:\/\/citis.ups.edu.ec\/es\/wp-json\/wp\/v2\/comments?post=2207"}],"version-history":[{"count":122,"href":"https:\/\/citis.ups.edu.ec\/es\/wp-json\/wp\/v2\/pages\/2207\/revisions"}],"predecessor-version":[{"id":12878,"href":"https:\/\/citis.ups.edu.ec\/es\/wp-json\/wp\/v2\/pages\/2207\/revisions\/12878"}],"up":[{"embeddable":true,"href":"https:\/\/citis.ups.edu.ec\/es\/wp-json\/wp\/v2\/pages\/1564"}],"wp:attachment":[{"href":"https:\/\/citis.ups.edu.ec\/es\/wp-json\/wp\/v2\/media?parent=2207"}],"curies":[{"name":"wp","href":"https:\/\/api.w.org\/{rel}","templated":true}]}}