{"id":2166,"date":"2024-01-12T03:01:17","date_gmt":"2024-01-12T08:01:17","guid":{"rendered":"https:\/\/citis.ups.edu.ec\/?page_id=2166"},"modified":"2026-03-27T16:02:19","modified_gmt":"2026-03-27T21:02:19","slug":"presentation","status":"publish","type":"page","link":"https:\/\/citis.ups.edu.ec\/es\/home\/presentation\/","title":{"rendered":"Presentaci\u00f3n"},"content":{"rendered":"<div data-elementor-type=\"wp-page\" data-elementor-id=\"2166\" class=\"elementor elementor-2166\" data-elementor-post-type=\"page\">\n\t\t\t\t<div class=\"elementor-element elementor-element-5fe3ac2a e-flex e-con-boxed e-con e-parent\" data-id=\"5fe3ac2a\" data-element_type=\"container\" data-e-type=\"container\">\n\t\t\t\t\t<div class=\"e-con-inner\">\n\t\t\t\t<div class=\"elementor-element elementor-element-6affd3c3 elementor-widget elementor-widget-text-editor\" data-id=\"6affd3c3\" data-element_type=\"widget\" data-e-type=\"widget\" data-widget_type=\"text-editor.default\">\n\t\t\t\t<div class=\"elementor-widget-container\">\n\t\t\t\t\t\t\t\t\t<p><em><span data-preserver-spaces=\"true\">El Congreso Internacional de Ciencia, Tecnolog\u00eda e Innovaci\u00f3n para la Sociedad (CITIS) ofrece a la comunidad acad\u00e9mica nacional e internacional una plataforma de comunicaci\u00f3n unificada dirigida a cubrir los problemas te\u00f3ricos y pr\u00e1cticos de mayor impacto en la sociedad moderna a trav\u00e9s de la ingenier\u00eda. Los temas principales est\u00e1n relacionados con la aplicaci\u00f3n de la ciencia, el desarrollo tecnol\u00f3gico y la innovaci\u00f3n a las energ\u00edas renovables, la sostenibilidad y el medio ambiente, las tecnolog\u00edas para la salud y las redes digitales. Los art\u00edculos para el congreso pueden presentarse como ponencias o p\u00f3sters.<\/span><\/em><\/p>\n<p><!-- \/wp:paragraph --><!-- wp:more --><\/p>\n<p><\/p><\/div><\/div><\/div><\/div><\/div> <a href=\"https:\/\/citis.ups.edu.ec\/es\/home\/presentation\/#more-2166\" class=\"more-link elementor-more-link\"><span aria-label=\"Sigue leyendo Presentation\">(m\u00e1s&hellip;)<\/span><\/a>","protected":false},"excerpt":{"rendered":"<p>The International Conference on Science, Technology and Innovation for Society (CITIS) offers the national and international academic community a unified communication platform aimed at covering the theoretical and practical problems of significant impact in modern society through engineering. The main topics are related to applying science, technological development and innovation to the renewable energy, sustainability&#8230;<\/p>","protected":false},"author":3,"featured_media":0,"parent":10,"menu_order":0,"comment_status":"closed","ping_status":"closed","template":"","meta":{"content-type":"","_kadence_starter_templates_imported_post":false,"_kad_post_transparent":"","_kad_post_title":"","_kad_post_layout":"","_kad_post_sidebar_id":"","_kad_post_content_style":"","_kad_post_vertical_padding":"","_kad_post_feature":"","_kad_post_feature_position":"","_kad_post_header":false,"_kad_post_footer":false,"_kad_post_classname":"","footnotes":""},"class_list":["post-2166","page","type-page","status-publish","hentry"],"yoast_head":"<!-- This site is optimized with the Yoast SEO plugin v27.1.1 - https:\/\/yoast.com\/product\/yoast-seo-wordpress\/ -->\n<title>Presentation - International Conference on Science, Technology &amp; Innovation | Guayaquil, Ecuador<\/title>\n<meta name=\"robots\" content=\"index, follow, max-snippet:-1, max-image-preview:large, max-video-preview:-1\" \/>\n<link rel=\"canonical\" href=\"https:\/\/citis.ups.edu.ec\/es\/home\/presentation\/\" \/>\n<meta property=\"og:locale\" content=\"es_ES\" \/>\n<meta property=\"og:type\" content=\"article\" \/>\n<meta property=\"og:title\" content=\"Presentation - International Conference on Science, Technology &amp; Innovation | Guayaquil, Ecuador\" \/>\n<meta property=\"og:description\" content=\"The International Conference on Science, Technology and Innovation for Society (CITIS) offers the national and international academic community a unified communication platform aimed at covering the theoretical and practical problems of significant impact in modern society through engineering. The main topics are related to applying science, technological development and innovation to the renewable energy, sustainability...\" \/>\n<meta property=\"og:url\" content=\"https:\/\/citis.ups.edu.ec\/es\/home\/presentation\/\" \/>\n<meta property=\"og:site_name\" content=\"International Conference on Science, Technology &amp; Innovation | Guayaquil, Ecuador\" \/>\n<meta property=\"article:modified_time\" content=\"2026-03-27T21:02:19+00:00\" \/>\n<meta name=\"twitter:card\" content=\"summary_large_image\" \/>\n<meta name=\"twitter:label1\" content=\"Tiempo de lectura\" \/>\n\t<meta name=\"twitter:data1\" content=\"1 minuto\" \/>\n<script type=\"application\/ld+json\" class=\"yoast-schema-graph\">{\"@context\":\"https:\/\/schema.org\",\"@graph\":[{\"@type\":\"WebPage\",\"@id\":\"https:\/\/citis.ups.edu.ec\/home\/presentation\/\",\"url\":\"https:\/\/citis.ups.edu.ec\/home\/presentation\/\",\"name\":\"Presentation - International Conference on Science, Technology &amp; Innovation | Guayaquil, Ecuador\",\"isPartOf\":{\"@id\":\"https:\/\/citis.ups.edu.ec\/#website\"},\"datePublished\":\"2024-01-12T08:01:17+00:00\",\"dateModified\":\"2026-03-27T21:02:19+00:00\",\"breadcrumb\":{\"@id\":\"https:\/\/citis.ups.edu.ec\/home\/presentation\/#breadcrumb\"},\"inLanguage\":\"es\",\"potentialAction\":[{\"@type\":\"ReadAction\",\"target\":[\"https:\/\/citis.ups.edu.ec\/home\/presentation\/\"]}]},{\"@type\":\"BreadcrumbList\",\"@id\":\"https:\/\/citis.ups.edu.ec\/home\/presentation\/#breadcrumb\",\"itemListElement\":[{\"@type\":\"ListItem\",\"position\":1,\"name\":\"Portada\",\"item\":\"https:\/\/citis.ups.edu.ec\/\"},{\"@type\":\"ListItem\",\"position\":2,\"name\":\"CITIS\",\"item\":\"https:\/\/citis.ups.edu.ec\/\"},{\"@type\":\"ListItem\",\"position\":3,\"name\":\"Presentation\"}]},{\"@type\":\"WebSite\",\"@id\":\"https:\/\/citis.ups.edu.ec\/#website\",\"url\":\"https:\/\/citis.ups.edu.ec\/\",\"name\":\"International Conference on Science, Technology &amp; Innovation | Guayaquil, Ecuador\",\"description\":\"International conference focused on the application of science, technological development, and innovation for society through engineering.\",\"publisher\":{\"@id\":\"https:\/\/citis.ups.edu.ec\/#organization\"},\"potentialAction\":[{\"@type\":\"SearchAction\",\"target\":{\"@type\":\"EntryPoint\",\"urlTemplate\":\"https:\/\/citis.ups.edu.ec\/?s={search_term_string}\"},\"query-input\":{\"@type\":\"PropertyValueSpecification\",\"valueRequired\":true,\"valueName\":\"search_term_string\"}}],\"inLanguage\":\"es\"},{\"@type\":\"Organization\",\"@id\":\"https:\/\/citis.ups.edu.ec\/#organization\",\"name\":\"International Conference on Science, Technology &amp; Innovation | Guayaquil, Ecuador\",\"url\":\"https:\/\/citis.ups.edu.ec\/\",\"logo\":{\"@type\":\"ImageObject\",\"inLanguage\":\"es\",\"@id\":\"https:\/\/citis.ups.edu.ec\/#\/schema\/logo\/image\/\",\"url\":\"https:\/\/citis.ups.edu.ec\/wp-content\/uploads\/sites\/5\/2025\/11\/cropped-Logo-CITIS-2026-Ingles-Horizontal-Dorado.png\",\"contentUrl\":\"https:\/\/citis.ups.edu.ec\/wp-content\/uploads\/sites\/5\/2025\/11\/cropped-Logo-CITIS-2026-Ingles-Horizontal-Dorado.png\",\"width\":1372,\"height\":465,\"caption\":\"International Conference on Science, Technology &amp; Innovation | Guayaquil, Ecuador\"},\"image\":{\"@id\":\"https:\/\/citis.ups.edu.ec\/#\/schema\/logo\/image\/\"}}]}<\/script>\n<!-- \/ Yoast SEO plugin. -->","yoast_head_json":{"title":"Presentation - International Conference on Science, Technology &amp; Innovation | Guayaquil, Ecuador","robots":{"index":"index","follow":"follow","max-snippet":"max-snippet:-1","max-image-preview":"max-image-preview:large","max-video-preview":"max-video-preview:-1"},"canonical":"https:\/\/citis.ups.edu.ec\/es\/home\/presentation\/","og_locale":"es_ES","og_type":"article","og_title":"Presentation - International Conference on Science, Technology &amp; Innovation | Guayaquil, Ecuador","og_description":"The International Conference on Science, Technology and Innovation for Society (CITIS) offers the national and international academic community a unified communication platform aimed at covering the theoretical and practical problems of significant impact in modern society through engineering. The main topics are related to applying science, technological development and innovation to the renewable energy, sustainability...","og_url":"https:\/\/citis.ups.edu.ec\/es\/home\/presentation\/","og_site_name":"International Conference on Science, Technology &amp; Innovation | Guayaquil, Ecuador","article_modified_time":"2026-03-27T21:02:19+00:00","twitter_card":"summary_large_image","twitter_misc":{"Tiempo de lectura":"1 minuto"},"schema":{"@context":"https:\/\/schema.org","@graph":[{"@type":"WebPage","@id":"https:\/\/citis.ups.edu.ec\/home\/presentation\/","url":"https:\/\/citis.ups.edu.ec\/home\/presentation\/","name":"Presentation - International Conference on Science, Technology &amp; Innovation | Guayaquil, Ecuador","isPartOf":{"@id":"https:\/\/citis.ups.edu.ec\/#website"},"datePublished":"2024-01-12T08:01:17+00:00","dateModified":"2026-03-27T21:02:19+00:00","breadcrumb":{"@id":"https:\/\/citis.ups.edu.ec\/home\/presentation\/#breadcrumb"},"inLanguage":"es","potentialAction":[{"@type":"ReadAction","target":["https:\/\/citis.ups.edu.ec\/home\/presentation\/"]}]},{"@type":"BreadcrumbList","@id":"https:\/\/citis.ups.edu.ec\/home\/presentation\/#breadcrumb","itemListElement":[{"@type":"ListItem","position":1,"name":"Portada","item":"https:\/\/citis.ups.edu.ec\/"},{"@type":"ListItem","position":2,"name":"CITIS","item":"https:\/\/citis.ups.edu.ec\/"},{"@type":"ListItem","position":3,"name":"Presentation"}]},{"@type":"WebSite","@id":"https:\/\/citis.ups.edu.ec\/#website","url":"https:\/\/citis.ups.edu.ec\/","name":"International Conference on Science, Technology &amp; Innovation | Guayaquil, Ecuador","description":"International conference focused on the application of science, technological development, and innovation for society through engineering.","publisher":{"@id":"https:\/\/citis.ups.edu.ec\/#organization"},"potentialAction":[{"@type":"SearchAction","target":{"@type":"EntryPoint","urlTemplate":"https:\/\/citis.ups.edu.ec\/?s={search_term_string}"},"query-input":{"@type":"PropertyValueSpecification","valueRequired":true,"valueName":"search_term_string"}}],"inLanguage":"es"},{"@type":"Organization","@id":"https:\/\/citis.ups.edu.ec\/#organization","name":"International Conference on Science, Technology &amp; Innovation | Guayaquil, Ecuador","url":"https:\/\/citis.ups.edu.ec\/","logo":{"@type":"ImageObject","inLanguage":"es","@id":"https:\/\/citis.ups.edu.ec\/#\/schema\/logo\/image\/","url":"https:\/\/citis.ups.edu.ec\/wp-content\/uploads\/sites\/5\/2025\/11\/cropped-Logo-CITIS-2026-Ingles-Horizontal-Dorado.png","contentUrl":"https:\/\/citis.ups.edu.ec\/wp-content\/uploads\/sites\/5\/2025\/11\/cropped-Logo-CITIS-2026-Ingles-Horizontal-Dorado.png","width":1372,"height":465,"caption":"International Conference on Science, Technology &amp; Innovation | Guayaquil, Ecuador"},"image":{"@id":"https:\/\/citis.ups.edu.ec\/#\/schema\/logo\/image\/"}}]}},"_links":{"self":[{"href":"https:\/\/citis.ups.edu.ec\/es\/wp-json\/wp\/v2\/pages\/2166","targetHints":{"allow":["GET"]}}],"collection":[{"href":"https:\/\/citis.ups.edu.ec\/es\/wp-json\/wp\/v2\/pages"}],"about":[{"href":"https:\/\/citis.ups.edu.ec\/es\/wp-json\/wp\/v2\/types\/page"}],"author":[{"embeddable":true,"href":"https:\/\/citis.ups.edu.ec\/es\/wp-json\/wp\/v2\/users\/3"}],"replies":[{"embeddable":true,"href":"https:\/\/citis.ups.edu.ec\/es\/wp-json\/wp\/v2\/comments?post=2166"}],"version-history":[{"count":51,"href":"https:\/\/citis.ups.edu.ec\/es\/wp-json\/wp\/v2\/pages\/2166\/revisions"}],"predecessor-version":[{"id":10808,"href":"https:\/\/citis.ups.edu.ec\/es\/wp-json\/wp\/v2\/pages\/2166\/revisions\/10808"}],"up":[{"embeddable":true,"href":"https:\/\/citis.ups.edu.ec\/es\/wp-json\/wp\/v2\/pages\/10"}],"wp:attachment":[{"href":"https:\/\/citis.ups.edu.ec\/es\/wp-json\/wp\/v2\/media?parent=2166"}],"curies":[{"name":"wp","href":"https:\/\/api.w.org\/{rel}","templated":true}]}}