{"id":1564,"date":"2020-12-01T16:56:59","date_gmt":"2020-12-01T13:56:59","guid":{"rendered":"http:\/\/www.grafas.org\/demo05\/?page_id=1564"},"modified":"2026-04-27T11:35:12","modified_gmt":"2026-04-27T16:35:12","slug":"call-for-papers","status":"publish","type":"page","link":"https:\/\/citis.ups.edu.ec\/es\/call-for-papers\/","title":{"rendered":"Convocatoria"},"content":{"rendered":"<div data-elementor-type=\"wp-page\" data-elementor-id=\"1564\" class=\"elementor elementor-1564\" data-elementor-post-type=\"page\">\n\t\t\t\t<div class=\"elementor-element elementor-element-9e825fc e-flex e-con-boxed e-con e-parent\" data-id=\"9e825fc\" data-element_type=\"container\" data-e-type=\"container\">\n\t\t\t\t\t<div class=\"e-con-inner\">\n\t\t\t\t<div class=\"elementor-element elementor-element-54fad30 elementor-widget elementor-widget-text-editor\" data-id=\"54fad30\" data-element_type=\"widget\" data-e-type=\"widget\" data-widget_type=\"text-editor.default\">\n\t\t\t\t<div class=\"elementor-widget-container\">\n\t\t\t\t\t\t\t\t\t<p style=\"text-align: center\" data-start=\"94\" data-end=\"275\">La Universidad Polit\u00e9cnica Salesiana tiene el agrado de invitarle a participar en el XII Congreso Internacional de Ciencia, Tecnolog\u00eda e Innovaci\u00f3n para la Sociedad (CITIS 2026).<\/p><p style=\"text-align: center\" data-start=\"277\" data-end=\"473\">El congreso se llevar\u00e1 a cabo del 28 al 30 de octubre de 2026, en el Campus Mar\u00eda Auxiliadora de la Universidad Polit\u00e9cnica Salesiana, ubicado en el Km 19.5 de la v\u00eda a la costa, en la ciudad de Guayaquil, Ecuador.<\/p><p style=\"text-align: center\" data-start=\"277\" data-end=\"473\">Previous editions were published by Springer and indexed in Scopus.<\/p><p style=\"text-align: center\" data-start=\"630\" data-end=\"704\">Esta duod\u00e9cima edici\u00f3n del congreso se desarrollar\u00e1 en modalidad presencial.<\/p>\t\t\t\t\t\t\t\t<\/div>\n\t\t\t\t<\/div>\n\t\t\t\t\t<\/div>\n\t\t\t\t<\/div>\n\t\t<div class=\"elementor-element elementor-element-567ca8d e-flex e-con-boxed e-con e-parent\" data-id=\"567ca8d\" data-element_type=\"container\" data-e-type=\"container\">\n\t\t\t\t\t<div class=\"e-con-inner\">\n\t\t\t\t<div class=\"elementor-element elementor-element-cf9900e elementor-align-center elementor-widget elementor-widget-button\" data-id=\"cf9900e\" data-element_type=\"widget\" data-e-type=\"widget\" data-widget_type=\"button.default\">\n\t\t\t\t<div class=\"elementor-widget-container\">\n\t\t\t\t\t\t\t\t\t<div class=\"elementor-button-wrapper\">\n\t\t\t\t\t<a class=\"elementor-button elementor-button-link elementor-size-sm\" href=\"https:\/\/easychair.org\/cfp\/citis2026\" target=\"_blank\">\n\t\t\t\t\t\t<span class=\"elementor-button-content-wrapper\">\n\t\t\t\t\t\t\t\t\t<span class=\"elementor-button-text\">CALL FOR PAPERS EASYCHAIR<\/span>\n\t\t\t\t\t<\/span>\n\t\t\t\t\t<\/a>\n\t\t\t\t<\/div>\n\t\t\t\t\t\t\t\t<\/div>\n\t\t\t\t<\/div>\n\t\t\t\t\t<\/div>\n\t\t\t\t<\/div>\n\t\t\t\t<\/div>","protected":false},"excerpt":{"rendered":"<p>The Universidad Polit\u00e9cnica Salesiana cordially invites you to participate in the XII International Conference on Science, Technology, and Innovation for Society (CITIS 2026). The conference will take place from October 28 to 30, 2026, at the Mar\u00eda Auxiliadora Campus of Universidad Polit\u00e9cnica Salesiana, located at Km 19.5 on the coastal highway in Guayaquil, Ecuador. Previous&#8230;<\/p>","protected":false},"author":14,"featured_media":0,"parent":0,"menu_order":0,"comment_status":"closed","ping_status":"closed","template":"","meta":{"content-type":"","_kadence_starter_templates_imported_post":true,"_kad_post_transparent":"","_kad_post_title":"hide","_kad_post_layout":"fullwidth","_kad_post_sidebar_id":"","_kad_post_content_style":"unboxed","_kad_post_vertical_padding":"hide","_kad_post_feature":"hide","_kad_post_feature_position":"","_kad_post_header":false,"_kad_post_footer":false,"_kad_post_classname":"","footnotes":""},"class_list":["post-1564","page","type-page","status-publish","hentry"],"yoast_head":"<!-- This site is optimized with the Yoast SEO plugin v27.1.1 - https:\/\/yoast.com\/product\/yoast-seo-wordpress\/ -->\n<title>Call for papers - International Conference on Science, Technology &amp; Innovation | Guayaquil, Ecuador<\/title>\n<meta name=\"robots\" content=\"index, follow, max-snippet:-1, max-image-preview:large, max-video-preview:-1\" \/>\n<link rel=\"canonical\" href=\"https:\/\/citis.ups.edu.ec\/es\/call-for-papers\/\" \/>\n<meta property=\"og:locale\" content=\"es_ES\" \/>\n<meta property=\"og:type\" content=\"article\" \/>\n<meta property=\"og:title\" content=\"Call for papers - International Conference on Science, Technology &amp; Innovation | Guayaquil, Ecuador\" \/>\n<meta property=\"og:description\" content=\"The Universidad Polit\u00e9cnica Salesiana cordially invites you to participate in the XII International Conference on Science, Technology, and Innovation for Society (CITIS 2026). The conference will take place from October 28 to 30, 2026, at the Mar\u00eda Auxiliadora Campus of Universidad Polit\u00e9cnica Salesiana, located at Km 19.5 on the coastal highway in Guayaquil, Ecuador. Previous...\" \/>\n<meta property=\"og:url\" content=\"https:\/\/citis.ups.edu.ec\/es\/call-for-papers\/\" \/>\n<meta property=\"og:site_name\" content=\"International Conference on Science, Technology &amp; Innovation | Guayaquil, Ecuador\" \/>\n<meta property=\"article:modified_time\" content=\"2026-04-27T16:35:12+00:00\" \/>\n<meta name=\"twitter:card\" content=\"summary_large_image\" \/>\n<meta name=\"twitter:label1\" content=\"Tiempo de lectura\" \/>\n\t<meta name=\"twitter:data1\" content=\"1 minuto\" \/>\n<script type=\"application\/ld+json\" class=\"yoast-schema-graph\">{\"@context\":\"https:\/\/schema.org\",\"@graph\":[{\"@type\":\"WebPage\",\"@id\":\"https:\/\/citis.ups.edu.ec\/call-for-papers\/\",\"url\":\"https:\/\/citis.ups.edu.ec\/call-for-papers\/\",\"name\":\"Call for papers - International Conference on Science, Technology &amp; Innovation | Guayaquil, Ecuador\",\"isPartOf\":{\"@id\":\"https:\/\/citis.ups.edu.ec\/#website\"},\"datePublished\":\"2020-12-01T13:56:59+00:00\",\"dateModified\":\"2026-04-27T16:35:12+00:00\",\"breadcrumb\":{\"@id\":\"https:\/\/citis.ups.edu.ec\/call-for-papers\/#breadcrumb\"},\"inLanguage\":\"es\",\"potentialAction\":[{\"@type\":\"ReadAction\",\"target\":[\"https:\/\/citis.ups.edu.ec\/call-for-papers\/\"]}]},{\"@type\":\"BreadcrumbList\",\"@id\":\"https:\/\/citis.ups.edu.ec\/call-for-papers\/#breadcrumb\",\"itemListElement\":[{\"@type\":\"ListItem\",\"position\":1,\"name\":\"Portada\",\"item\":\"https:\/\/citis.ups.edu.ec\/\"},{\"@type\":\"ListItem\",\"position\":2,\"name\":\"Call for papers\"}]},{\"@type\":\"WebSite\",\"@id\":\"https:\/\/citis.ups.edu.ec\/#website\",\"url\":\"https:\/\/citis.ups.edu.ec\/\",\"name\":\"International Conference on Science, Technology &amp; Innovation | Guayaquil, Ecuador\",\"description\":\"International conference focused on the application of science, technological development, and innovation for society through engineering.\",\"publisher\":{\"@id\":\"https:\/\/citis.ups.edu.ec\/#organization\"},\"potentialAction\":[{\"@type\":\"SearchAction\",\"target\":{\"@type\":\"EntryPoint\",\"urlTemplate\":\"https:\/\/citis.ups.edu.ec\/?s={search_term_string}\"},\"query-input\":{\"@type\":\"PropertyValueSpecification\",\"valueRequired\":true,\"valueName\":\"search_term_string\"}}],\"inLanguage\":\"es\"},{\"@type\":\"Organization\",\"@id\":\"https:\/\/citis.ups.edu.ec\/#organization\",\"name\":\"International Conference on Science, Technology &amp; Innovation | Guayaquil, Ecuador\",\"url\":\"https:\/\/citis.ups.edu.ec\/\",\"logo\":{\"@type\":\"ImageObject\",\"inLanguage\":\"es\",\"@id\":\"https:\/\/citis.ups.edu.ec\/#\/schema\/logo\/image\/\",\"url\":\"https:\/\/citis.ups.edu.ec\/wp-content\/uploads\/sites\/5\/2025\/11\/cropped-Logo-CITIS-2026-Ingles-Horizontal-Dorado.png\",\"contentUrl\":\"https:\/\/citis.ups.edu.ec\/wp-content\/uploads\/sites\/5\/2025\/11\/cropped-Logo-CITIS-2026-Ingles-Horizontal-Dorado.png\",\"width\":1372,\"height\":465,\"caption\":\"International Conference on Science, Technology &amp; Innovation | Guayaquil, Ecuador\"},\"image\":{\"@id\":\"https:\/\/citis.ups.edu.ec\/#\/schema\/logo\/image\/\"}}]}<\/script>\n<!-- \/ Yoast SEO plugin. -->","yoast_head_json":{"title":"Call for papers - International Conference on Science, Technology &amp; Innovation | Guayaquil, Ecuador","robots":{"index":"index","follow":"follow","max-snippet":"max-snippet:-1","max-image-preview":"max-image-preview:large","max-video-preview":"max-video-preview:-1"},"canonical":"https:\/\/citis.ups.edu.ec\/es\/call-for-papers\/","og_locale":"es_ES","og_type":"article","og_title":"Call for papers - International Conference on Science, Technology &amp; Innovation | Guayaquil, Ecuador","og_description":"The Universidad Polit\u00e9cnica Salesiana cordially invites you to participate in the XII International Conference on Science, Technology, and Innovation for Society (CITIS 2026). The conference will take place from October 28 to 30, 2026, at the Mar\u00eda Auxiliadora Campus of Universidad Polit\u00e9cnica Salesiana, located at Km 19.5 on the coastal highway in Guayaquil, Ecuador. Previous...","og_url":"https:\/\/citis.ups.edu.ec\/es\/call-for-papers\/","og_site_name":"International Conference on Science, Technology &amp; Innovation | Guayaquil, Ecuador","article_modified_time":"2026-04-27T16:35:12+00:00","twitter_card":"summary_large_image","twitter_misc":{"Tiempo de lectura":"1 minuto"},"schema":{"@context":"https:\/\/schema.org","@graph":[{"@type":"WebPage","@id":"https:\/\/citis.ups.edu.ec\/call-for-papers\/","url":"https:\/\/citis.ups.edu.ec\/call-for-papers\/","name":"Call for papers - International Conference on Science, Technology &amp; Innovation | Guayaquil, Ecuador","isPartOf":{"@id":"https:\/\/citis.ups.edu.ec\/#website"},"datePublished":"2020-12-01T13:56:59+00:00","dateModified":"2026-04-27T16:35:12+00:00","breadcrumb":{"@id":"https:\/\/citis.ups.edu.ec\/call-for-papers\/#breadcrumb"},"inLanguage":"es","potentialAction":[{"@type":"ReadAction","target":["https:\/\/citis.ups.edu.ec\/call-for-papers\/"]}]},{"@type":"BreadcrumbList","@id":"https:\/\/citis.ups.edu.ec\/call-for-papers\/#breadcrumb","itemListElement":[{"@type":"ListItem","position":1,"name":"Portada","item":"https:\/\/citis.ups.edu.ec\/"},{"@type":"ListItem","position":2,"name":"Call for papers"}]},{"@type":"WebSite","@id":"https:\/\/citis.ups.edu.ec\/#website","url":"https:\/\/citis.ups.edu.ec\/","name":"International Conference on Science, Technology &amp; Innovation | Guayaquil, Ecuador","description":"International conference focused on the application of science, technological development, and innovation for society through engineering.","publisher":{"@id":"https:\/\/citis.ups.edu.ec\/#organization"},"potentialAction":[{"@type":"SearchAction","target":{"@type":"EntryPoint","urlTemplate":"https:\/\/citis.ups.edu.ec\/?s={search_term_string}"},"query-input":{"@type":"PropertyValueSpecification","valueRequired":true,"valueName":"search_term_string"}}],"inLanguage":"es"},{"@type":"Organization","@id":"https:\/\/citis.ups.edu.ec\/#organization","name":"International Conference on Science, Technology &amp; Innovation | Guayaquil, Ecuador","url":"https:\/\/citis.ups.edu.ec\/","logo":{"@type":"ImageObject","inLanguage":"es","@id":"https:\/\/citis.ups.edu.ec\/#\/schema\/logo\/image\/","url":"https:\/\/citis.ups.edu.ec\/wp-content\/uploads\/sites\/5\/2025\/11\/cropped-Logo-CITIS-2026-Ingles-Horizontal-Dorado.png","contentUrl":"https:\/\/citis.ups.edu.ec\/wp-content\/uploads\/sites\/5\/2025\/11\/cropped-Logo-CITIS-2026-Ingles-Horizontal-Dorado.png","width":1372,"height":465,"caption":"International Conference on Science, Technology &amp; Innovation | Guayaquil, Ecuador"},"image":{"@id":"https:\/\/citis.ups.edu.ec\/#\/schema\/logo\/image\/"}}]}},"_links":{"self":[{"href":"https:\/\/citis.ups.edu.ec\/es\/wp-json\/wp\/v2\/pages\/1564","targetHints":{"allow":["GET"]}}],"collection":[{"href":"https:\/\/citis.ups.edu.ec\/es\/wp-json\/wp\/v2\/pages"}],"about":[{"href":"https:\/\/citis.ups.edu.ec\/es\/wp-json\/wp\/v2\/types\/page"}],"author":[{"embeddable":true,"href":"https:\/\/citis.ups.edu.ec\/es\/wp-json\/wp\/v2\/users\/14"}],"replies":[{"embeddable":true,"href":"https:\/\/citis.ups.edu.ec\/es\/wp-json\/wp\/v2\/comments?post=1564"}],"version-history":[{"count":77,"href":"https:\/\/citis.ups.edu.ec\/es\/wp-json\/wp\/v2\/pages\/1564\/revisions"}],"predecessor-version":[{"id":12861,"href":"https:\/\/citis.ups.edu.ec\/es\/wp-json\/wp\/v2\/pages\/1564\/revisions\/12861"}],"wp:attachment":[{"href":"https:\/\/citis.ups.edu.ec\/es\/wp-json\/wp\/v2\/media?parent=1564"}],"curies":[{"name":"wp","href":"https:\/\/api.w.org\/{rel}","templated":true}]}}